{"id":3,"date":"2025-03-21T15:48:12","date_gmt":"2025-03-21T15:48:12","guid":{"rendered":"https:\/\/salvesaude.com.br\/?page_id=3"},"modified":"2025-06-27T15:48:04","modified_gmt":"2025-06-27T15:48:04","slug":"politica-de-privacidade-salve-saude","status":"publish","type":"page","link":"https:\/\/salvesaude.com.br\/home\/politica-de-privacidade-salve-saude\/","title":{"rendered":"Politica de Privacidade"},"content":{"rendered":"\t\t<div data-elementor-type=\"wp-page\" data-elementor-id=\"3\" class=\"elementor elementor-3\" data-elementor-post-type=\"page\">\n\t\t\t\t<div class=\"elementor-element elementor-element-d574f60 e-flex e-con-boxed e-con e-parent\" data-id=\"d574f60\" data-element_type=\"container\">\n\t\t\t\t\t<div class=\"e-con-inner\">\n\t\t<div class=\"elementor-element elementor-element-038672a e-grid e-con-full e-con e-child\" data-id=\"038672a\" data-element_type=\"container\" data-settings=\"{&quot;background_background&quot;:&quot;classic&quot;}\">\n\t\t\t\t<div class=\"elementor-element elementor-element-7af173f elementor-widget elementor-widget-image\" data-id=\"7af173f\" data-element_type=\"widget\" data-widget_type=\"image.default\">\n\t\t\t\t<div class=\"elementor-widget-container\">\n\t\t\t\t\t\t\t\t\t\t\t\t\t\t\t<img fetchpriority=\"high\" decoding=\"async\" width=\"800\" height=\"241\" src=\"https:\/\/salvesaude.com.br\/wp-content\/uploads\/2025\/05\/Logo_Transparente_ANS-e1747161456549-1024x309.webp\" class=\"attachment-large size-large wp-image-629\" alt=\"\" srcset=\"https:\/\/salvesaude.com.br\/wp-content\/uploads\/2025\/05\/Logo_Transparente_ANS-e1747161456549-1024x309.webp 1024w, https:\/\/salvesaude.com.br\/wp-content\/uploads\/2025\/05\/Logo_Transparente_ANS-e1747161456549-300x91.webp 300w, https:\/\/salvesaude.com.br\/wp-content\/uploads\/2025\/05\/Logo_Transparente_ANS-e1747161456549-768x232.webp 768w, https:\/\/salvesaude.com.br\/wp-content\/uploads\/2025\/05\/Logo_Transparente_ANS-e1747161456549.webp 1080w\" sizes=\"(max-width: 800px) 100vw, 800px\" \/>\t\t\t\t\t\t\t\t\t\t\t\t\t\t\t<\/div>\n\t\t\t\t<\/div>\n\t\t\t\t<\/div>\n\t\t\t\t\t<\/div>\n\t\t\t\t<\/div>\n\t\t<div class=\"elementor-element elementor-element-672bfe15 e-flex e-con-boxed e-con e-parent\" data-id=\"672bfe15\" data-element_type=\"container\">\n\t\t\t\t\t<div class=\"e-con-inner\">\n\t\t\t\t<div class=\"elementor-element elementor-element-5d049056 elementor-widget elementor-widget-text-editor\" data-id=\"5d049056\" data-element_type=\"widget\" data-widget_type=\"text-editor.default\">\n\t\t\t\t<div class=\"elementor-widget-container\">\n\t\t\t\t\t\t\t\t\t<h2 class=\"wp-block-heading\">LGPD<\/h2>\n<p><!-- \/wp:heading --><!-- wp:paragraph --><\/p>\n<p>Os servi\u00e7os s\u00e3o fornecidos pela pessoa jur\u00eddica com a seguinte Raz\u00e3o Social\/nome: SALVE<br \/>SA\u00daDE ADMINISTRADORA DE BENEFICIOS LTDA., com nome fantasia SALVE SA\u00daDE,<br \/>inscrito no CNPJ\/CPF sob o n\u00ba 58.324.562\/0001-70, titular da propriedade intelectual sobre<br \/>software, website, aplicativos, conte\u00fados e demais ativos relacionados \u00e0 plataforma.<\/p>\n<p><!-- \/wp:paragraph --><!-- wp:heading --><\/p>\n<h3>Pol\u00edtica de Privacidade<\/h3>\n<p>A sua privacidade \u00e9 importante para n\u00f3s. \u00c9 pol\u00edtica da Salve Sa\u00fade respeitar a sua<br \/>privacidade em rela\u00e7\u00e3o a qualquer informa\u00e7\u00e3o sua que possamos coletar no site da Salve, e<br \/>outros sites que possu\u00edmos e operamos.<br \/>Solicitamos informa\u00e7\u00f5es pessoais apenas quando realmente precisamos delas para lhe<br \/>fornecer um servi\u00e7o. Fazemo-lo por meios justos e legais, com o seu conhecimento e<br \/>consentimento. Tamb\u00e9m informamos por que estamos coletando e como ser\u00e1 usado.<br \/>Apenas retemos as informa\u00e7\u00f5es coletadas pelo tempo necess\u00e1rio para fornecer o servi\u00e7o<br \/>solicitado. Quando armazenamos dados, protegemos dentro de meios comercialmente<br \/>aceit\u00e1veis para evitar perdas e roubos, bem como acesso, divulga\u00e7\u00e3o, c\u00f3pia, uso ou<br \/>modifica\u00e7\u00e3o n\u00e3o autorizados.<br \/>N\u00e3o compartilhamos informa\u00e7\u00f5es de identifica\u00e7\u00e3o pessoal publicamente ou com terceiros,<br \/>exceto quando exigido por lei.<br \/>O nosso site pode ter links para sites externos que n\u00e3o s\u00e3o operados por n\u00f3s. Esteja ciente<br \/>de que n\u00e3o temos controle sobre o conte\u00fado e pr\u00e1ticas desses sites e n\u00e3o podemos aceitar<br \/>responsabilidade por suas respectivas pol\u00edticas de privacidade.<br \/>Voc\u00ea \u00e9 livre para recusar a nossa solicita\u00e7\u00e3o de informa\u00e7\u00f5es pessoais, entendendo que<br \/>talvez n\u00e3o possamos fornecer alguns dos servi\u00e7os desejados.<br \/>O uso continuado de nosso site ser\u00e1 considerado como aceita\u00e7\u00e3o de nossas pr\u00e1ticas em<br \/>torno de privacidade e informa\u00e7\u00f5es pessoais. Se voc\u00ea tiver alguma d\u00favida sobre como<br \/>lidamos com dados do usu\u00e1rio e informa\u00e7\u00f5es pessoais, entre em contacto conosco.<br \/>Pol\u00edcia de Cookies Salve Sa\u00fade<br \/>O que s\u00e3o Cookies?<br \/>Rua do Ros\u00e1rio, n\u00ba 1, 5\u00ba andar- Centro, Rio de Janeiro \u2013 cep 20041-003<\/p>\n<p>Como \u00e9 pr\u00e1tica comum em quase todos os sites profissionais, este site usa cookies, que<br \/>s\u00e3o pequenos arquivos baixados no seu computador, para melhorar sua experi\u00eancia. Esta<br \/>p\u00e1gina descreve quais informa\u00e7\u00f5es eles coletam, como as usamos e por que \u00e0s vezes<br \/>precisamos armazenar esses cookies. Tamb\u00e9m compartilharemos como voc\u00ea pode impedir<br \/>que esses cookies sejam armazenados, no entanto, isso pode fazer o downgrade ou<br \/>&#8216;quebrar&#8217; certos elementos da funcionalidade do site.<\/p>\n<p>\u00a0<\/p>\n<h4>Como usamos os cookies?<\/h4>\n<p>Utilizamos cookies por v\u00e1rios motivos, detalhados abaixo. Infelizmente, na maioria dos<br \/>casos, n\u00e3o existem op\u00e7\u00f5es padr\u00e3o do setor para desativar os cookies sem desativar<br \/>completamente a funcionalidade e os recursos que eles adicionam a este site. \u00c9<br \/>recomend\u00e1vel que voc\u00ea deixe todos os cookies se n\u00e3o tiver certeza se precisa ou n\u00e3o<br \/>deles, caso sejam usados para fornecer um servi\u00e7o que voc\u00ea usa.<br \/>Desativar cookies<br \/>Voc\u00ea pode impedir a configura\u00e7\u00e3o de cookies ajustando as configura\u00e7\u00f5es do seu navegador<br \/>(consulte a Ajuda do navegador para saber como fazer isso). Esteja ciente de que a<br \/>desativa\u00e7\u00e3o de cookies afetar\u00e1 a funcionalidade deste e de muitos outros sites que voc\u00ea<br \/>visita. A desativa\u00e7\u00e3o de cookies geralmente resultar\u00e1 na desativa\u00e7\u00e3o de determinadas<br \/>funcionalidades e recursos deste site. Portanto, \u00e9 recomend\u00e1vel que voc\u00ea n\u00e3o desative os<br \/>cookies.<\/p>\n<h4>Cookies que definimos<br \/>Cookies relacionados \u00e0 conta<\/h4>\n<p>Se voc\u00ea criar uma conta conosco, usaremos cookies para o gerenciamento do processo de<br \/>inscri\u00e7\u00e3o e administra\u00e7\u00e3o geral. Esses cookies geralmente ser\u00e3o exclu\u00eddos quando voc\u00ea<br \/>sair do sistema, por\u00e9m, em alguns casos, eles poder\u00e3o permanecer posteriormente para<br \/>lembrar as prefer\u00eancias do seu site ao sair.<br \/>Cookies relacionados ao login<\/p>\n<p>Utilizamos cookies quando voc\u00ea est\u00e1 logado, para que possamos lembrar dessa a\u00e7\u00e3o. Isso<br \/>evita que voc\u00ea precise fazer login sempre que visitar uma nova p\u00e1gina. Esses cookies s\u00e3o<br \/>normalmente removidos ou limpos quando voc\u00ea efetua logout para garantir que voc\u00ea possa<br \/>acessar apenas a recursos e \u00e1reas restritas ao efetuar login.<br \/>Cookies relacionados a boletins por e-mail<\/p>\n<p>Este site oferece servi\u00e7os de assinatura de boletim informativo ou e-mail e os cookies<br \/>podem ser usados para lembrar se voc\u00ea j\u00e1 est\u00e1 registrado e se deve mostrar determinadas<br \/>notifica\u00e7\u00f5es v\u00e1lidas apenas para usu\u00e1rios inscritos \/ n\u00e3o inscritos.<br \/>Rua do Ros\u00e1rio, n\u00ba 1, 5\u00ba andar- Centro, Rio de Janeiro \u2013 cep 20041-003<br \/>www.salvesaude.com.br<\/p>\n<h3>Pedidos Processando cookies relacionados<\/h3>\n<p>Este site oferece facilidades de com\u00e9rcio eletr\u00f4nico ou pagamento e alguns cookies s\u00e3o<br \/>essenciais para garantir que seu pedido seja lembrado entre as p\u00e1ginas, para que<br \/>possamos process\u00e1-lo adequadamente.<\/p>\n<h4>Cookies relacionados a pesquisa<\/h4>\n<p>Periodicamente, oferecemos pesquisas e question\u00e1rios para fornecer informa\u00e7\u00f5es<br \/>interessantes, ferramentas \u00fateis ou para entender nossa base de usu\u00e1rios com mais<br \/>precis\u00e3o. Essas pesquisas podem usar cookies para lembrar quem j\u00e1 participou numa<br \/>pesquisa ou para fornecer resultados precisos ap\u00f3s a altera\u00e7\u00e3o das p\u00e1ginas.<\/p>\n<h4>Cookies relacionados a formul\u00e1rios<\/h4>\n<p>Quando voc\u00ea envia dados por meio de um formul\u00e1rio como os encontrados nas p\u00e1ginas de<br \/>contacto ou nos formul\u00e1rios de coment\u00e1rios, os cookies podem ser configurados para<br \/>lembrar os detalhes do usu\u00e1rio para correspond\u00eancia futura.<br \/>Cookies de prefer\u00eancias do site<br \/>Para proporcionar uma \u00f3tima experi\u00eancia neste site, fornecemos a funcionalidade para<br \/>definir suas prefer\u00eancias de como esse site \u00e9 executado quando voc\u00ea o usa. Para lembrar<br \/>suas prefer\u00eancias, precisamos definir cookies para que essas informa\u00e7\u00f5es possam ser<br \/>chamadas sempre que voc\u00ea interagir com uma p\u00e1gina for afetada por suas prefer\u00eancias.<\/p>\n<h3>Cookies de Terceiros<\/h3>\n<p>Em alguns casos especiais, tamb\u00e9m usamos cookies fornecidos por terceiros confi\u00e1veis. A<br \/>se\u00e7\u00e3o a seguir detalha quais cookies de terceiros voc\u00ea pode encontrar atrav\u00e9s deste site:<br \/>Este site usa o Google Analytics, que \u00e9 uma das solu\u00e7\u00f5es de an\u00e1lise mais difundidas e<br \/>confi\u00e1veis da Web, para nos ajudar a entender como voc\u00ea usa o site e como podemos<br \/>melhorar sua experi\u00eancia. Esses cookies podem rastrear itens como quanto tempo voc\u00ea<br \/>gasta no site e as p\u00e1ginas visitadas, para que possamos continuar produzindo conte\u00fado<br \/>atraente. Para mais informa\u00e7\u00f5es sobre cookies do Google Analytics, consulte a p\u00e1gina<br \/>oficial do Google Analytics. As an\u00e1lises de terceiros s\u00e3o usadas para rastrear e medir o uso<br \/>deste site, para que possamos continuar produzindo conte\u00fado atrativo. Esses cookies<br \/>podem rastrear itens como o tempo que voc\u00ea passa no site ou as p\u00e1ginas visitadas, o que<br \/>nos ajuda a entender como podemos melhorar o site para voc\u00ea. Periodicamente, testamos<br \/>novos recursos e fazemos altera\u00e7\u00f5es sutis na maneira como o site se apresenta. Quando<br \/>ainda estamos testando novos recursos, esses cookies podem ser usados para garantir que<br \/>voc\u00ea receba uma experi\u00eancia consistente enquanto estiver no site, enquanto entendemos<br \/>quais otimiza\u00e7\u00f5es os nossos usu\u00e1rios mais apreciam. \u00c0 medida que vendemos produtos, \u00e9<br \/>importante entendermos as estat\u00edsticas sobre quantos visitantes de nosso site realmente<br \/>compram e, portanto, esse \u00e9 o tipo de dados que esses cookies rastrear\u00e3o. Isso \u00e9<br \/>importante para voc\u00ea, pois significa que podemos fazer previs\u00f5es de neg\u00f3cios com precis\u00e3o<br \/><span style=\"font-size: 1rem;\">que nos permitem analisar nossos custos de publicidade e produtos para garantir o melhor<br \/><\/span><span style=\"font-size: 1rem;\">pre\u00e7o poss\u00edvel.<\/span><\/p>\n<p>\u00a0<\/p>\n<h3>Compromisso do Usu\u00e1rio<\/h3>\n<p>O usu\u00e1rio se compromete a fazer uso adequado dos conte\u00fados e da informa\u00e7\u00e3o que a<br \/>Salve Sa\u00fade oferece no site e com car\u00e1ter enunciativo, mas n\u00e3o limitativo:<br \/><br \/>A) N\u00e3o se envolver em atividades que sejam ilegais ou contr\u00e1rias \u00e0 boa f\u00e9 a \u00e0 ordem<br \/>p\u00fablica;<br \/>B) N\u00e3o difundir propaganda ou conte\u00fado de natureza racista, xenof\u00f3bica, jogos de hoje ou<br \/>azar, qualquer tipo de pornografia ilegal, de apologia ao terrorismo ou contra os direitos<br \/>humanos;<br \/>C) N\u00e3o causar danos aos sistemas f\u00edsicos (hardwares) e l\u00f3gicos (softwares) da Salve<br \/>Sa\u00fade, de seus fornecedores ou terceiros, para introduzir ou disseminar v\u00edrus inform\u00e1ticos<br \/>ou quaisquer outros sistemas de hardware ou software que sejam capazes de causar danos<br \/>anteriormente mencionados.<\/p>\n<h4>Mais informa\u00e7\u00f5es<\/h4>\n<p>Esperamos que esteja esclarecido e, como mencionado anteriormente, se houver algo que<br \/>voc\u00ea n\u00e3o tem certeza se precisa ou n\u00e3o, geralmente \u00e9 mais seguro deixar os cookies<br \/>ativados, caso interaja com um dos recursos que voc\u00ea usa em nosso site.<br \/><b>Esta pol\u00edtica \u00e9 efetiva a partir de Junho\/2025.<\/b><\/p>\t\t\t\t\t\t\t\t<\/div>\n\t\t\t\t<\/div>\n\t\t\t\t\t<\/div>\n\t\t\t\t<\/div>\n\t\t\t\t<\/div>\n\t\t","protected":false},"excerpt":{"rendered":"<p>LGPD Os servi\u00e7os s\u00e3o fornecidos pela pessoa jur\u00eddica com a seguinte Raz\u00e3o Social\/nome: SALVESA\u00daDE ADMINISTRADORA DE BENEFICIOS LTDA., com nome fantasia SALVE SA\u00daDE,inscrito no CNPJ\/CPF sob o n\u00ba 58.324.562\/0001-70, titular da propriedade intelectual sobresoftware, website, aplicativos, conte\u00fados e demais ativos relacionados \u00e0 plataforma. Pol\u00edtica de Privacidade A sua privacidade \u00e9 importante para n\u00f3s. \u00c9 pol\u00edtica [&hellip;]<\/p>\n","protected":false},"author":1,"featured_media":0,"parent":0,"menu_order":0,"comment_status":"closed","ping_status":"closed","template":"elementor_canvas","meta":{"footnotes":""},"class_list":["post-3","page","type-page","status-publish","hentry"],"yoast_head":"<!-- This site is optimized with the Yoast SEO plugin v27.2 - https:\/\/yoast.com\/product\/yoast-seo-wordpress\/ -->\n<title>Politica de Privacidade - Salve Sa\u00fade<\/title>\n<meta name=\"robots\" content=\"index, follow, max-snippet:-1, max-image-preview:large, max-video-preview:-1\" \/>\n<link rel=\"canonical\" href=\"https:\/\/salvesaude.com.br\/home\/politica-de-privacidade-salve-saude\/\" \/>\n<meta property=\"og:locale\" content=\"pt_BR\" \/>\n<meta property=\"og:type\" content=\"article\" \/>\n<meta property=\"og:title\" content=\"Politica de Privacidade - Salve Sa\u00fade\" \/>\n<meta property=\"og:description\" content=\"LGPD Os servi\u00e7os s\u00e3o fornecidos pela pessoa jur\u00eddica com a seguinte Raz\u00e3o Social\/nome: SALVESA\u00daDE ADMINISTRADORA DE BENEFICIOS LTDA., com nome fantasia SALVE SA\u00daDE,inscrito no CNPJ\/CPF sob o n\u00ba 58.324.562\/0001-70, titular da propriedade intelectual sobresoftware, website, aplicativos, conte\u00fados e demais ativos relacionados \u00e0 plataforma. Pol\u00edtica de Privacidade A sua privacidade \u00e9 importante para n\u00f3s. \u00c9 pol\u00edtica [&hellip;]\" \/>\n<meta property=\"og:url\" content=\"https:\/\/salvesaude.com.br\/home\/politica-de-privacidade-salve-saude\/\" \/>\n<meta property=\"og:site_name\" content=\"Salve Sa\u00fade\" \/>\n<meta property=\"article:modified_time\" content=\"2025-06-27T15:48:04+00:00\" \/>\n<meta property=\"og:image\" content=\"https:\/\/salvesaude.com.br\/wp-content\/uploads\/2025\/05\/Logo_Transparente_ANS-e1747161456549.webp\" \/>\n\t<meta property=\"og:image:width\" content=\"1080\" \/>\n\t<meta property=\"og:image:height\" content=\"326\" \/>\n\t<meta property=\"og:image:type\" content=\"image\/png\" \/>\n<meta name=\"twitter:card\" content=\"summary_large_image\" \/>\n<meta name=\"twitter:label1\" content=\"Est. tempo de leitura\" \/>\n\t<meta name=\"twitter:data1\" content=\"8 minutos\" \/>\n<script type=\"application\/ld+json\" class=\"yoast-schema-graph\">{\"@context\":\"https:\/\/schema.org\",\"@graph\":[{\"@type\":\"WebPage\",\"@id\":\"https:\/\/salvesaude.com.br\/home\/politica-de-privacidade-salve-saude\/\",\"url\":\"https:\/\/salvesaude.com.br\/home\/politica-de-privacidade-salve-saude\/\",\"name\":\"Politica de Privacidade - Salve Sa\u00fade\",\"isPartOf\":{\"@id\":\"https:\/\/salvesaude.com.br\/home\/#website\"},\"primaryImageOfPage\":{\"@id\":\"https:\/\/salvesaude.com.br\/home\/politica-de-privacidade-salve-saude\/#primaryimage\"},\"image\":{\"@id\":\"https:\/\/salvesaude.com.br\/home\/politica-de-privacidade-salve-saude\/#primaryimage\"},\"thumbnailUrl\":\"https:\/\/salvesaude.com.br\/wp-content\/uploads\/2025\/05\/Logo_Transparente_ANS-e1747161456549-1024x309.webp\",\"datePublished\":\"2025-03-21T15:48:12+00:00\",\"dateModified\":\"2025-06-27T15:48:04+00:00\",\"breadcrumb\":{\"@id\":\"https:\/\/salvesaude.com.br\/home\/politica-de-privacidade-salve-saude\/#breadcrumb\"},\"inLanguage\":\"pt-BR\",\"potentialAction\":[{\"@type\":\"ReadAction\",\"target\":[\"https:\/\/salvesaude.com.br\/home\/politica-de-privacidade-salve-saude\/\"]}]},{\"@type\":\"ImageObject\",\"inLanguage\":\"pt-BR\",\"@id\":\"https:\/\/salvesaude.com.br\/home\/politica-de-privacidade-salve-saude\/#primaryimage\",\"url\":\"https:\/\/salvesaude.com.br\/wp-content\/uploads\/2025\/05\/Logo_Transparente_ANS-e1747161456549-1024x309.webp\",\"contentUrl\":\"https:\/\/salvesaude.com.br\/wp-content\/uploads\/2025\/05\/Logo_Transparente_ANS-e1747161456549-1024x309.webp\"},{\"@type\":\"BreadcrumbList\",\"@id\":\"https:\/\/salvesaude.com.br\/home\/politica-de-privacidade-salve-saude\/#breadcrumb\",\"itemListElement\":[{\"@type\":\"ListItem\",\"position\":1,\"name\":\"Home\",\"item\":\"https:\/\/salvesaude.com.br\/home\/\"},{\"@type\":\"ListItem\",\"position\":2,\"name\":\"Politica de Privacidade\"}]},{\"@type\":\"WebSite\",\"@id\":\"https:\/\/salvesaude.com.br\/home\/#website\",\"url\":\"https:\/\/salvesaude.com.br\/home\/\",\"name\":\"Salve Sa\u00fade\",\"description\":\"Salve Sa\u00fade - Democratizar e viabilizar o acesso \u00e0 sa\u00fade privada de qualidade.\",\"publisher\":{\"@id\":\"https:\/\/salvesaude.com.br\/home\/#organization\"},\"potentialAction\":[{\"@type\":\"SearchAction\",\"target\":{\"@type\":\"EntryPoint\",\"urlTemplate\":\"https:\/\/salvesaude.com.br\/home\/?s={search_term_string}\"},\"query-input\":{\"@type\":\"PropertyValueSpecification\",\"valueRequired\":true,\"valueName\":\"search_term_string\"}}],\"inLanguage\":\"pt-BR\"},{\"@type\":\"Organization\",\"@id\":\"https:\/\/salvesaude.com.br\/home\/#organization\",\"name\":\"Salve Sa\u00fade\",\"url\":\"https:\/\/salvesaude.com.br\/home\/\",\"logo\":{\"@type\":\"ImageObject\",\"inLanguage\":\"pt-BR\",\"@id\":\"https:\/\/salvesaude.com.br\/home\/#\/schema\/logo\/image\/\",\"url\":\"https:\/\/salvesaude.com.br\/wp-content\/uploads\/2025\/03\/Logo-Salve.png\",\"contentUrl\":\"https:\/\/salvesaude.com.br\/wp-content\/uploads\/2025\/03\/Logo-Salve.png\",\"width\":510,\"height\":180,\"caption\":\"Salve Sa\u00fade\"},\"image\":{\"@id\":\"https:\/\/salvesaude.com.br\/home\/#\/schema\/logo\/image\/\"}}]}<\/script>\n<!-- \/ Yoast SEO plugin. -->","yoast_head_json":{"title":"Politica de Privacidade - Salve Sa\u00fade","robots":{"index":"index","follow":"follow","max-snippet":"max-snippet:-1","max-image-preview":"max-image-preview:large","max-video-preview":"max-video-preview:-1"},"canonical":"https:\/\/salvesaude.com.br\/home\/politica-de-privacidade-salve-saude\/","og_locale":"pt_BR","og_type":"article","og_title":"Politica de Privacidade - Salve Sa\u00fade","og_description":"LGPD Os servi\u00e7os s\u00e3o fornecidos pela pessoa jur\u00eddica com a seguinte Raz\u00e3o Social\/nome: SALVESA\u00daDE ADMINISTRADORA DE BENEFICIOS LTDA., com nome fantasia SALVE SA\u00daDE,inscrito no CNPJ\/CPF sob o n\u00ba 58.324.562\/0001-70, titular da propriedade intelectual sobresoftware, website, aplicativos, conte\u00fados e demais ativos relacionados \u00e0 plataforma. Pol\u00edtica de Privacidade A sua privacidade \u00e9 importante para n\u00f3s. \u00c9 pol\u00edtica [&hellip;]","og_url":"https:\/\/salvesaude.com.br\/home\/politica-de-privacidade-salve-saude\/","og_site_name":"Salve Sa\u00fade","article_modified_time":"2025-06-27T15:48:04+00:00","og_image":[{"width":1080,"height":326,"url":"https:\/\/salvesaude.com.br\/wp-content\/uploads\/2025\/05\/Logo_Transparente_ANS-e1747161456549.webp","type":"image\/png"}],"twitter_card":"summary_large_image","twitter_misc":{"Est. tempo de leitura":"8 minutos"},"schema":{"@context":"https:\/\/schema.org","@graph":[{"@type":"WebPage","@id":"https:\/\/salvesaude.com.br\/home\/politica-de-privacidade-salve-saude\/","url":"https:\/\/salvesaude.com.br\/home\/politica-de-privacidade-salve-saude\/","name":"Politica de Privacidade - Salve Sa\u00fade","isPartOf":{"@id":"https:\/\/salvesaude.com.br\/home\/#website"},"primaryImageOfPage":{"@id":"https:\/\/salvesaude.com.br\/home\/politica-de-privacidade-salve-saude\/#primaryimage"},"image":{"@id":"https:\/\/salvesaude.com.br\/home\/politica-de-privacidade-salve-saude\/#primaryimage"},"thumbnailUrl":"https:\/\/salvesaude.com.br\/wp-content\/uploads\/2025\/05\/Logo_Transparente_ANS-e1747161456549-1024x309.webp","datePublished":"2025-03-21T15:48:12+00:00","dateModified":"2025-06-27T15:48:04+00:00","breadcrumb":{"@id":"https:\/\/salvesaude.com.br\/home\/politica-de-privacidade-salve-saude\/#breadcrumb"},"inLanguage":"pt-BR","potentialAction":[{"@type":"ReadAction","target":["https:\/\/salvesaude.com.br\/home\/politica-de-privacidade-salve-saude\/"]}]},{"@type":"ImageObject","inLanguage":"pt-BR","@id":"https:\/\/salvesaude.com.br\/home\/politica-de-privacidade-salve-saude\/#primaryimage","url":"https:\/\/salvesaude.com.br\/wp-content\/uploads\/2025\/05\/Logo_Transparente_ANS-e1747161456549-1024x309.webp","contentUrl":"https:\/\/salvesaude.com.br\/wp-content\/uploads\/2025\/05\/Logo_Transparente_ANS-e1747161456549-1024x309.webp"},{"@type":"BreadcrumbList","@id":"https:\/\/salvesaude.com.br\/home\/politica-de-privacidade-salve-saude\/#breadcrumb","itemListElement":[{"@type":"ListItem","position":1,"name":"Home","item":"https:\/\/salvesaude.com.br\/home\/"},{"@type":"ListItem","position":2,"name":"Politica de Privacidade"}]},{"@type":"WebSite","@id":"https:\/\/salvesaude.com.br\/home\/#website","url":"https:\/\/salvesaude.com.br\/home\/","name":"Salve Sa\u00fade","description":"Salve Sa\u00fade - Democratizar e viabilizar o acesso \u00e0 sa\u00fade privada de qualidade.","publisher":{"@id":"https:\/\/salvesaude.com.br\/home\/#organization"},"potentialAction":[{"@type":"SearchAction","target":{"@type":"EntryPoint","urlTemplate":"https:\/\/salvesaude.com.br\/home\/?s={search_term_string}"},"query-input":{"@type":"PropertyValueSpecification","valueRequired":true,"valueName":"search_term_string"}}],"inLanguage":"pt-BR"},{"@type":"Organization","@id":"https:\/\/salvesaude.com.br\/home\/#organization","name":"Salve Sa\u00fade","url":"https:\/\/salvesaude.com.br\/home\/","logo":{"@type":"ImageObject","inLanguage":"pt-BR","@id":"https:\/\/salvesaude.com.br\/home\/#\/schema\/logo\/image\/","url":"https:\/\/salvesaude.com.br\/wp-content\/uploads\/2025\/03\/Logo-Salve.png","contentUrl":"https:\/\/salvesaude.com.br\/wp-content\/uploads\/2025\/03\/Logo-Salve.png","width":510,"height":180,"caption":"Salve Sa\u00fade"},"image":{"@id":"https:\/\/salvesaude.com.br\/home\/#\/schema\/logo\/image\/"}}]}},"_links":{"self":[{"href":"https:\/\/salvesaude.com.br\/home\/wp-json\/wp\/v2\/pages\/3","targetHints":{"allow":["GET"]}}],"collection":[{"href":"https:\/\/salvesaude.com.br\/home\/wp-json\/wp\/v2\/pages"}],"about":[{"href":"https:\/\/salvesaude.com.br\/home\/wp-json\/wp\/v2\/types\/page"}],"author":[{"embeddable":true,"href":"https:\/\/salvesaude.com.br\/home\/wp-json\/wp\/v2\/users\/1"}],"replies":[{"embeddable":true,"href":"https:\/\/salvesaude.com.br\/home\/wp-json\/wp\/v2\/comments?post=3"}],"version-history":[{"count":3,"href":"https:\/\/salvesaude.com.br\/home\/wp-json\/wp\/v2\/pages\/3\/revisions"}],"predecessor-version":[{"id":732,"href":"https:\/\/salvesaude.com.br\/home\/wp-json\/wp\/v2\/pages\/3\/revisions\/732"}],"wp:attachment":[{"href":"https:\/\/salvesaude.com.br\/home\/wp-json\/wp\/v2\/media?parent=3"}],"curies":[{"name":"wp","href":"https:\/\/api.w.org\/{rel}","templated":true}]}}